{"id":2251,"date":"2020-11-26T20:04:10","date_gmt":"2020-11-26T20:04:10","guid":{"rendered":"https:\/\/incoltec.com\/aviso-legal\/"},"modified":"2022-09-14T16:23:03","modified_gmt":"2022-09-14T14:23:03","slug":"legal-notice","status":"publish","type":"page","link":"https:\/\/incoltec.com\/en\/legal-notice\/","title":{"rendered":"Legal Notice"},"content":{"rendered":"<div class=\"wpb-content-wrapper\"><p>[vc_row][vc_column][vc_column_text]<\/p>\n<h1>Aviso Legal<\/h1>\n<p>Para dar cumplimiento a las obligaciones dispuestas en la Ley 34\/2002, de Servicios de la Sociedad de la Informaci\u00f3n y del Comercio Electr\u00f3nico (LSSI-CE), el propietario de este sitio web \u2013en adelante el prestador- pone a disposici\u00f3n de los usuarios la siguiente informaci\u00f3n:<\/p>\n<p><strong>NOMBRE RESPONSABLE: INNOVATION COLOUR TECHNOLOGY S.L., en adelante INCOLTEC.<\/strong><br \/>\n<strong>DIRECCI\u00d3N: C\/ LAS DALIES, 35 &#8211; 08338 PREMI\u00c0 DE DALT (BARCELONA).<\/strong><br \/>\n<strong>NIF: NB-66895475<\/strong><br \/>\n<strong>TEL\u00c9FONO: +34 93 798 62 16<\/strong><br \/>\n<strong>CORREO ELECTR\u00d3NICO: <a href=\"mailto:info@incoltec.com\">info@incoltec.com<\/a><\/strong><br \/>\n<strong>Inscrita en el Registro Mercantil de Barcelona, Tomo 45693, General, Folio 156, Libro 496075, Inscripci\u00f3n 1\u00aa<\/strong><\/p>\n<h3><strong>OBJETO<\/strong><\/h3>\n<p>Toda persona que acceda a este sitio web asume el papel de usuario, comprometi\u00e9ndose a la observancia y cumplimiento riguroso de las disposiciones aqu\u00ed indicadas, as\u00ed como a cualquiera otra disposici\u00f3n legal que fuera de aplicaci\u00f3n.<br \/>\n<strong>INCOLTEC<\/strong> se reserva el derecho a modificar cualquier tipo de informaci\u00f3n que pueda aparecer en el sitio web, sin que exista obligaci\u00f3n de preavisar o poner en conocimiento de los usuarios dichas modificaciones, entendi\u00e9ndose como suficiente con la publicaci\u00f3n en el sitio web.<\/p>\n<h3><strong>RESPONSABILIDAD<\/strong><\/h3>\n<p><strong>INCOLTEC<\/strong> se exime de cualquier tipo de responsabilidad derivada de la informaci\u00f3n publicada en su sitio web, siempre que esta informaci\u00f3n haya sido manipulada o introducida por un tercero ajeno al mismo.<\/p>\n<p><strong>INCOLTEC<\/strong> no se hace responsable de la informaci\u00f3n y contenidos almacenados, a t\u00edtulo enunciativo, pero no limitativo, en foros, chats, blogs, comentarios, redes sociales o cualquier otro medio que permita a terceros publicar contenidos de forma independiente en la p\u00e1gina web del prestador. No obstante, y en cumplimiento de lo dispuesto en la LSSI-CE, el prestador se pone a disposici\u00f3n de todos los usuarios, autoridades y fuerzas de seguridad, colaborando de forma activa en la retirada o en su caso bloqueo de todos aquellos contenidos que pudieran afectar o contravenir la legislaci\u00f3n nacional, o internacional, derechos de terceros o la moral y el orden p\u00fablico. En caso de que el usuario considere que existe en el sitio web alg\u00fan contenido que pudiera ser susceptible de esta clasificaci\u00f3n, se ruega nos lo notifique de forma inmediata mediante las formas de contacto que ponemos a disposici\u00f3n de los usuarios.<br \/>\nEste sitio web ha sido revisado y probado para que funcione correctamente. No obstante, INCOLTEC no descarta la posibilidad de que existan ciertos errores de programaci\u00f3n, o que acontezcan causas de fuerza mayor, cat\u00e1strofes naturales, huelgas, o circunstancias semejantes que hagan imposible el acceso al sitio web.<\/p>\n<h3>PROTECCI\u00d3N DE DATOS PERSONALES<\/h3>\n<p>INCOLTEC se encuentra profundamente comprometida con el cumplimiento de la normativa en protecci\u00f3n de datos de car\u00e1cter personal, y garantiza el cumplimiento \u00edntegro de las obligaciones dispuestas en la legislaci\u00f3n vigente. De igual forma ha implementado las medidas de seguridad oportunas en funci\u00f3n del an\u00e1lisis de riesgos realizado en su organizaci\u00f3n, atendiendo a la LOPDGDD 3\/ 2018 y el UE RGPD 679\/2016. Podr\u00e1 consultar m\u00e1s ampliamente la informaci\u00f3n sobre el tratamiento de sus datos en nuestra <a href=\"https:\/\/incoltec.com\/en\/privacy-policy\/\">POL\u00cdTICA DE PRIVACIDAD<\/a>.<\/p>\n<h3>PROPIEDAD INTELECTUAL E INDUSTRIAL<\/h3>\n<p>Las caracter\u00edsticas del sitio web, incluyendo a t\u00edtulo enunciativo, pero no limitativo su programaci\u00f3n, edici\u00f3n, compilaci\u00f3n y dem\u00e1s elementos necesarios para su funcionamiento, los dise\u00f1os, logotipos, texto y\/o gr\u00e1ficos son propiedad del prestador o en su caso dispone de licencia o autorizaci\u00f3n expresa por parte de los autores.<br \/>\nIndependientemente de la finalidad para la que fueran destinados, la reproducci\u00f3n total o parcial, uso, explotaci\u00f3n, distribuci\u00f3n y comercializaci\u00f3n del sitio web, requiere en todo caso de la autorizaci\u00f3n escrita previa por parte de Cualquier uso no autorizado previamente por parte del prestador ser\u00e1 considerado un incumplimiento grave de los derechos de propiedad intelectual o industrial del autor. Los dise\u00f1os, logotipos, texto y\/o gr\u00e1ficos ajenos al prestador y que pudieran aparecer en el sitio web, pertenecen a sus respectivos propietarios, siendo ellos mismos responsables de cualquier posible controversia que pudiera suscitarse respecto a los mismos. En todo caso, el prestador cuenta con la autorizaci\u00f3n expresa y previa por parte de estos.<br \/>\nPara realizar cualquier tipo de observaci\u00f3n respecto a posibles incumplimientos de los derechos de propiedad intelectual o industrial, as\u00ed como sobre cualquiera de los contenidos del sitio web, puede hacerlo a trav\u00e9s del correo electr\u00f3nico que aparece al inicio de este Aviso legal.<\/p>\n<h3>LEY APLICABLE<\/h3>\n<p>Para la resoluci\u00f3n de todas las controversias o cuestiones relacionadas con el presente sitio web o de las actividades en \u00e9l desarrolladas, ser\u00e1 de aplicaci\u00f3n la legislaci\u00f3n espa\u00f1ola, a la que se someten expresamente las partes.[\/vc_column_text][\/vc_column][\/vc_row]<\/p>\n<\/div>","protected":false},"excerpt":{"rendered":"<p>[vc_row][vc_column][vc_column_text] Aviso Legal Para dar cumplimiento a las obligaciones dispuestas en la Ley 34\/2002, de Servicios de la Sociedad de&#8230; <a class=\"read-more block m0-top\" href=\"https:\/\/incoltec.com\/en\/legal-notice\/\">Read more<\/a><\/p>\n","protected":false},"author":7,"featured_media":0,"parent":0,"menu_order":0,"comment_status":"closed","ping_status":"closed","template":"","meta":{"_acf_changed":false,"footnotes":""},"class_list":["post-2251","page","type-page","status-publish","hentry"],"acf":[],"yoast_head":"<!-- This site is optimized with the Yoast SEO plugin v23.2 - https:\/\/yoast.com\/wordpress\/plugins\/seo\/ -->\n<title>Legal Notice - Incoltec<\/title>\n<meta name=\"robots\" content=\"noindex, follow\" \/>\n<meta property=\"og:locale\" content=\"en_US\" \/>\n<meta property=\"og:type\" content=\"article\" \/>\n<meta property=\"og:title\" content=\"Legal Notice - Incoltec\" \/>\n<meta property=\"og:description\" content=\"[vc_row][vc_column][vc_column_text] Aviso Legal Para dar cumplimiento a las obligaciones dispuestas en la Ley 34\/2002, de Servicios de la Sociedad de... Read more\" \/>\n<meta property=\"og:url\" content=\"https:\/\/incoltec.com\/en\/legal-notice\/\" \/>\n<meta property=\"og:site_name\" content=\"Incoltec\" \/>\n<meta property=\"article:modified_time\" content=\"2022-09-14T14:23:03+00:00\" \/>\n<meta name=\"twitter:card\" content=\"summary_large_image\" \/>\n<meta name=\"twitter:label1\" content=\"Est. reading time\" \/>\n\t<meta name=\"twitter:data1\" content=\"4 minutes\" \/>\n<script type=\"application\/ld+json\" class=\"yoast-schema-graph\">{\"@context\":\"https:\/\/schema.org\",\"@graph\":[{\"@type\":\"WebPage\",\"@id\":\"https:\/\/incoltec.com\/en\/legal-notice\/\",\"url\":\"https:\/\/incoltec.com\/en\/legal-notice\/\",\"name\":\"Legal Notice - Incoltec\",\"isPartOf\":{\"@id\":\"https:\/\/incoltec.com\/en\/#website\"},\"datePublished\":\"2020-11-26T20:04:10+00:00\",\"dateModified\":\"2022-09-14T14:23:03+00:00\",\"breadcrumb\":{\"@id\":\"https:\/\/incoltec.com\/en\/legal-notice\/#breadcrumb\"},\"inLanguage\":\"en-US\",\"potentialAction\":[{\"@type\":\"ReadAction\",\"target\":[\"https:\/\/incoltec.com\/en\/legal-notice\/\"]}]},{\"@type\":\"BreadcrumbList\",\"@id\":\"https:\/\/incoltec.com\/en\/legal-notice\/#breadcrumb\",\"itemListElement\":[{\"@type\":\"ListItem\",\"position\":1,\"name\":\"Inicio\",\"item\":\"https:\/\/incoltec.com\/en\/\"},{\"@type\":\"ListItem\",\"position\":2,\"name\":\"Legal Notice\"}]},{\"@type\":\"WebSite\",\"@id\":\"https:\/\/incoltec.com\/en\/#website\",\"url\":\"https:\/\/incoltec.com\/en\/\",\"name\":\"Incoltec\",\"description\":\"Passion for colours\",\"publisher\":{\"@id\":\"https:\/\/incoltec.com\/en\/#organization\"},\"potentialAction\":[{\"@type\":\"SearchAction\",\"target\":{\"@type\":\"EntryPoint\",\"urlTemplate\":\"https:\/\/incoltec.com\/en\/?s={search_term_string}\"},\"query-input\":\"required name=search_term_string\"}],\"inLanguage\":\"en-US\"},{\"@type\":\"Organization\",\"@id\":\"https:\/\/incoltec.com\/en\/#organization\",\"name\":\"Incoltec\",\"url\":\"https:\/\/incoltec.com\/en\/\",\"logo\":{\"@type\":\"ImageObject\",\"inLanguage\":\"en-US\",\"@id\":\"https:\/\/incoltec.com\/en\/#\/schema\/logo\/image\/\",\"url\":\"https:\/\/incoltec.com\/wp-content\/uploads\/2020\/11\/logo-incoltec-negro.png\",\"contentUrl\":\"https:\/\/incoltec.com\/wp-content\/uploads\/2020\/11\/logo-incoltec-negro.png\",\"width\":2048,\"height\":410,\"caption\":\"Incoltec\"},\"image\":{\"@id\":\"https:\/\/incoltec.com\/en\/#\/schema\/logo\/image\/\"}}]}<\/script>\n<!-- \/ Yoast SEO plugin. -->","yoast_head_json":{"title":"Legal Notice - Incoltec","robots":{"index":"noindex","follow":"follow"},"og_locale":"en_US","og_type":"article","og_title":"Legal Notice - Incoltec","og_description":"[vc_row][vc_column][vc_column_text] Aviso Legal Para dar cumplimiento a las obligaciones dispuestas en la Ley 34\/2002, de Servicios de la Sociedad de... Read more","og_url":"https:\/\/incoltec.com\/en\/legal-notice\/","og_site_name":"Incoltec","article_modified_time":"2022-09-14T14:23:03+00:00","twitter_card":"summary_large_image","twitter_misc":{"Est. reading time":"4 minutes"},"schema":{"@context":"https:\/\/schema.org","@graph":[{"@type":"WebPage","@id":"https:\/\/incoltec.com\/en\/legal-notice\/","url":"https:\/\/incoltec.com\/en\/legal-notice\/","name":"Legal Notice - Incoltec","isPartOf":{"@id":"https:\/\/incoltec.com\/en\/#website"},"datePublished":"2020-11-26T20:04:10+00:00","dateModified":"2022-09-14T14:23:03+00:00","breadcrumb":{"@id":"https:\/\/incoltec.com\/en\/legal-notice\/#breadcrumb"},"inLanguage":"en-US","potentialAction":[{"@type":"ReadAction","target":["https:\/\/incoltec.com\/en\/legal-notice\/"]}]},{"@type":"BreadcrumbList","@id":"https:\/\/incoltec.com\/en\/legal-notice\/#breadcrumb","itemListElement":[{"@type":"ListItem","position":1,"name":"Inicio","item":"https:\/\/incoltec.com\/en\/"},{"@type":"ListItem","position":2,"name":"Legal Notice"}]},{"@type":"WebSite","@id":"https:\/\/incoltec.com\/en\/#website","url":"https:\/\/incoltec.com\/en\/","name":"Incoltec","description":"Passion for colours","publisher":{"@id":"https:\/\/incoltec.com\/en\/#organization"},"potentialAction":[{"@type":"SearchAction","target":{"@type":"EntryPoint","urlTemplate":"https:\/\/incoltec.com\/en\/?s={search_term_string}"},"query-input":"required name=search_term_string"}],"inLanguage":"en-US"},{"@type":"Organization","@id":"https:\/\/incoltec.com\/en\/#organization","name":"Incoltec","url":"https:\/\/incoltec.com\/en\/","logo":{"@type":"ImageObject","inLanguage":"en-US","@id":"https:\/\/incoltec.com\/en\/#\/schema\/logo\/image\/","url":"https:\/\/incoltec.com\/wp-content\/uploads\/2020\/11\/logo-incoltec-negro.png","contentUrl":"https:\/\/incoltec.com\/wp-content\/uploads\/2020\/11\/logo-incoltec-negro.png","width":2048,"height":410,"caption":"Incoltec"},"image":{"@id":"https:\/\/incoltec.com\/en\/#\/schema\/logo\/image\/"}}]}},"_links":{"self":[{"href":"https:\/\/incoltec.com\/en\/wp-json\/wp\/v2\/pages\/2251"}],"collection":[{"href":"https:\/\/incoltec.com\/en\/wp-json\/wp\/v2\/pages"}],"about":[{"href":"https:\/\/incoltec.com\/en\/wp-json\/wp\/v2\/types\/page"}],"author":[{"embeddable":true,"href":"https:\/\/incoltec.com\/en\/wp-json\/wp\/v2\/users\/7"}],"replies":[{"embeddable":true,"href":"https:\/\/incoltec.com\/en\/wp-json\/wp\/v2\/comments?post=2251"}],"version-history":[{"count":3,"href":"https:\/\/incoltec.com\/en\/wp-json\/wp\/v2\/pages\/2251\/revisions"}],"predecessor-version":[{"id":3103,"href":"https:\/\/incoltec.com\/en\/wp-json\/wp\/v2\/pages\/2251\/revisions\/3103"}],"wp:attachment":[{"href":"https:\/\/incoltec.com\/en\/wp-json\/wp\/v2\/media?parent=2251"}],"curies":[{"name":"wp","href":"https:\/\/api.w.org\/{rel}","templated":true}]}}